{"id":7201,"date":"2024-09-23T12:30:57","date_gmt":"2024-09-23T12:30:57","guid":{"rendered":"https:\/\/chrisofix.com\/?page_id=7201"},"modified":"2024-11-17T11:21:59","modified_gmt":"2024-11-17T11:21:59","slug":"chrisofix-shop","status":"publish","type":"page","link":"https:\/\/chrisofix.com\/hu\/chrisofix-shop\/","title":{"rendered":"Chrisofix Shop"},"content":{"rendered":"\n[et_pb_section fb_built=&#8221;1&#8243; theme_builder_area=&#8221;post_content&#8221; _builder_version=&#8221;4.14.7&#8243; _module_preset=&#8221;default&#8221;][et_pb_row _builder_version=&#8221;4.14.7&#8243; _module_preset=&#8221;default&#8221; theme_builder_area=&#8221;post_content&#8221;][et_pb_column _builder_version=&#8221;4.14.7&#8243; _module_preset=&#8221;default&#8221; type=&#8221;4_4&#8243; theme_builder_area=&#8221;post_content&#8221;][et_pb_shop _builder_version=&#8221;4.14.7&#8243; _module_preset=&#8221;default&#8221; theme_builder_area=&#8221;post_content&#8221; hover_enabled=&#8221;0&#8243; sticky_enabled=&#8221;0&#8243;][\/et_pb_shop][\/et_pb_column][\/et_pb_row][\/et_pb_section]\n","protected":false},"excerpt":{"rendered":"<p>[et_pb_shop _builder_version=&#8221;4.14.7&#8243; _module_preset=&#8221;default&#8221; theme_builder_area=&#8221;post_content&#8221; hover_enabled=&#8221;0&#8243; sticky_enabled=&#8221;0&#8243;][\/et_pb_shop]<\/p>\n","protected":false},"author":2,"featured_media":0,"parent":0,"menu_order":0,"comment_status":"closed","ping_status":"closed","template":"","meta":{"_et_pb_use_builder":"on","_et_pb_old_content":"","_et_gb_content_width":"","footnotes":""},"class_list":["post-7201","page","type-page","status-publish","hentry"],"yoast_head":"<!-- This site is optimized with the Yoast SEO Premium plugin v23.8 (Yoast SEO v27.3) - https:\/\/yoast.com\/product\/yoast-seo-premium-wordpress\/ -->\n<title>Chrisofix Shop - Chrisofix<\/title>\n<meta name=\"robots\" content=\"noindex, follow\" \/>\n<meta property=\"og:locale\" content=\"hu_HU\" \/>\n<meta property=\"og:type\" content=\"article\" \/>\n<meta property=\"og:title\" content=\"Chrisofix Shop\" \/>\n<meta property=\"og:description\" content=\"[et_pb_shop _builder_version=&quot;4.14.7&quot; _module_preset=&quot;default&quot; theme_builder_area=&quot;post_content&quot; hover_enabled=&quot;0&quot; sticky_enabled=&quot;0&quot;][\/et_pb_shop]\" \/>\n<meta property=\"og:url\" content=\"https:\/\/chrisofix.com\/hu\/chrisofix-shop\/\" \/>\n<meta property=\"og:site_name\" content=\"Chrisofix\" \/>\n<meta property=\"article:publisher\" content=\"https:\/\/www.facebook.com\/chrisofix.ag\" \/>\n<meta property=\"article:modified_time\" content=\"2024-11-17T11:21:59+00:00\" \/>\n<meta name=\"twitter:card\" content=\"summary_large_image\" \/>\n<meta name=\"twitter:label1\" content=\"Becs\u00fclt olvas\u00e1si id\u0151\" \/>\n\t<meta name=\"twitter:data1\" content=\"1 perc\" \/>\n<script type=\"application\/ld+json\" class=\"yoast-schema-graph\">{\"@context\":\"https:\\\/\\\/schema.org\",\"@graph\":[{\"@type\":\"WebPage\",\"@id\":\"https:\\\/\\\/chrisofix.com\\\/chrisofix-shop\\\/\",\"url\":\"https:\\\/\\\/chrisofix.com\\\/chrisofix-shop\\\/\",\"name\":\"Chrisofix Shop - Chrisofix\",\"isPartOf\":{\"@id\":\"https:\\\/\\\/chrisofix.com\\\/#website\"},\"datePublished\":\"2024-09-23T12:30:57+00:00\",\"dateModified\":\"2024-11-17T11:21:59+00:00\",\"breadcrumb\":{\"@id\":\"https:\\\/\\\/chrisofix.com\\\/chrisofix-shop\\\/#breadcrumb\"},\"inLanguage\":\"hu\",\"potentialAction\":[{\"@type\":\"ReadAction\",\"target\":[\"https:\\\/\\\/chrisofix.com\\\/chrisofix-shop\\\/\"]}]},{\"@type\":\"BreadcrumbList\",\"@id\":\"https:\\\/\\\/chrisofix.com\\\/chrisofix-shop\\\/#breadcrumb\",\"itemListElement\":[{\"@type\":\"ListItem\",\"position\":1,\"name\":\"Home\",\"item\":\"https:\\\/\\\/chrisofix.com\\\/\"},{\"@type\":\"ListItem\",\"position\":2,\"name\":\"Chrisofix Shop\"}]},{\"@type\":\"WebSite\",\"@id\":\"https:\\\/\\\/chrisofix.com\\\/#website\",\"url\":\"https:\\\/\\\/chrisofix.com\\\/\",\"name\":\"Chrisofix\",\"description\":\"Chrisofix- World-Class Ortheses\",\"publisher\":{\"@id\":\"https:\\\/\\\/chrisofix.com\\\/#organization\"},\"potentialAction\":[{\"@type\":\"SearchAction\",\"target\":{\"@type\":\"EntryPoint\",\"urlTemplate\":\"https:\\\/\\\/chrisofix.com\\\/?s={search_term_string}\"},\"query-input\":{\"@type\":\"PropertyValueSpecification\",\"valueRequired\":true,\"valueName\":\"search_term_string\"}}],\"inLanguage\":\"hu\"},{\"@type\":\"Organization\",\"@id\":\"https:\\\/\\\/chrisofix.com\\\/#organization\",\"name\":\"CHRISOFIX\u00ae AG\",\"url\":\"https:\\\/\\\/chrisofix.com\\\/\",\"logo\":{\"@type\":\"ImageObject\",\"inLanguage\":\"hu\",\"@id\":\"https:\\\/\\\/chrisofix.com\\\/#\\\/schema\\\/logo\\\/image\\\/\",\"url\":\"http:\\\/\\\/chrisofix.com\\\/wp-content\\\/uploads\\\/2021\\\/02\\\/CHrisofix_logo2_up.png\",\"contentUrl\":\"http:\\\/\\\/chrisofix.com\\\/wp-content\\\/uploads\\\/2021\\\/02\\\/CHrisofix_logo2_up.png\",\"width\":547,\"height\":315,\"caption\":\"CHRISOFIX\u00ae AG\"},\"image\":{\"@id\":\"https:\\\/\\\/chrisofix.com\\\/#\\\/schema\\\/logo\\\/image\\\/\"},\"sameAs\":[\"https:\\\/\\\/www.facebook.com\\\/chrisofix.ag\",\"https:\\\/\\\/www.linkedin.com\\\/company\\\/12695475\",\"https:\\\/\\\/www.youtube.com\\\/channel\\\/UCLYVPznZxm8AxmQoWTWAHoQ\\\/about\"]}]}<\/script>\n<!-- \/ Yoast SEO Premium plugin. -->","yoast_head_json":{"title":"Chrisofix Shop - Chrisofix","robots":{"index":"noindex","follow":"follow"},"og_locale":"hu_HU","og_type":"article","og_title":"Chrisofix Shop","og_description":"[et_pb_shop _builder_version=\"4.14.7\" _module_preset=\"default\" theme_builder_area=\"post_content\" hover_enabled=\"0\" sticky_enabled=\"0\"][\/et_pb_shop]","og_url":"https:\/\/chrisofix.com\/hu\/chrisofix-shop\/","og_site_name":"Chrisofix","article_publisher":"https:\/\/www.facebook.com\/chrisofix.ag","article_modified_time":"2024-11-17T11:21:59+00:00","twitter_card":"summary_large_image","twitter_misc":{"Becs\u00fclt olvas\u00e1si id\u0151":"1 perc"},"schema":{"@context":"https:\/\/schema.org","@graph":[{"@type":"WebPage","@id":"https:\/\/chrisofix.com\/chrisofix-shop\/","url":"https:\/\/chrisofix.com\/chrisofix-shop\/","name":"Chrisofix Shop - Chrisofix","isPartOf":{"@id":"https:\/\/chrisofix.com\/#website"},"datePublished":"2024-09-23T12:30:57+00:00","dateModified":"2024-11-17T11:21:59+00:00","breadcrumb":{"@id":"https:\/\/chrisofix.com\/chrisofix-shop\/#breadcrumb"},"inLanguage":"hu","potentialAction":[{"@type":"ReadAction","target":["https:\/\/chrisofix.com\/chrisofix-shop\/"]}]},{"@type":"BreadcrumbList","@id":"https:\/\/chrisofix.com\/chrisofix-shop\/#breadcrumb","itemListElement":[{"@type":"ListItem","position":1,"name":"Home","item":"https:\/\/chrisofix.com\/"},{"@type":"ListItem","position":2,"name":"Chrisofix Shop"}]},{"@type":"WebSite","@id":"https:\/\/chrisofix.com\/#website","url":"https:\/\/chrisofix.com\/","name":"Chrisofix","description":"Chrisofix- World-Class Ortheses","publisher":{"@id":"https:\/\/chrisofix.com\/#organization"},"potentialAction":[{"@type":"SearchAction","target":{"@type":"EntryPoint","urlTemplate":"https:\/\/chrisofix.com\/?s={search_term_string}"},"query-input":{"@type":"PropertyValueSpecification","valueRequired":true,"valueName":"search_term_string"}}],"inLanguage":"hu"},{"@type":"Organization","@id":"https:\/\/chrisofix.com\/#organization","name":"CHRISOFIX\u00ae AG","url":"https:\/\/chrisofix.com\/","logo":{"@type":"ImageObject","inLanguage":"hu","@id":"https:\/\/chrisofix.com\/#\/schema\/logo\/image\/","url":"http:\/\/chrisofix.com\/wp-content\/uploads\/2021\/02\/CHrisofix_logo2_up.png","contentUrl":"http:\/\/chrisofix.com\/wp-content\/uploads\/2021\/02\/CHrisofix_logo2_up.png","width":547,"height":315,"caption":"CHRISOFIX\u00ae AG"},"image":{"@id":"https:\/\/chrisofix.com\/#\/schema\/logo\/image\/"},"sameAs":["https:\/\/www.facebook.com\/chrisofix.ag","https:\/\/www.linkedin.com\/company\/12695475","https:\/\/www.youtube.com\/channel\/UCLYVPznZxm8AxmQoWTWAHoQ\/about"]}]}},"_links":{"self":[{"href":"https:\/\/chrisofix.com\/hu\/wp-json\/wp\/v2\/pages\/7201","targetHints":{"allow":["GET"]}}],"collection":[{"href":"https:\/\/chrisofix.com\/hu\/wp-json\/wp\/v2\/pages"}],"about":[{"href":"https:\/\/chrisofix.com\/hu\/wp-json\/wp\/v2\/types\/page"}],"author":[{"embeddable":true,"href":"https:\/\/chrisofix.com\/hu\/wp-json\/wp\/v2\/users\/2"}],"replies":[{"embeddable":true,"href":"https:\/\/chrisofix.com\/hu\/wp-json\/wp\/v2\/comments?post=7201"}],"version-history":[{"count":1,"href":"https:\/\/chrisofix.com\/hu\/wp-json\/wp\/v2\/pages\/7201\/revisions"}],"predecessor-version":[{"id":7759,"href":"https:\/\/chrisofix.com\/hu\/wp-json\/wp\/v2\/pages\/7201\/revisions\/7759"}],"wp:attachment":[{"href":"https:\/\/chrisofix.com\/hu\/wp-json\/wp\/v2\/media?parent=7201"}],"curies":[{"name":"wp","href":"https:\/\/api.w.org\/{rel}","templated":true}]}}