{"id":5854,"date":"2021-10-27T12:47:04","date_gmt":"2021-10-27T12:47:04","guid":{"rendered":"http:\/\/chrisofix.com\/?page_id=5854"},"modified":"2023-09-19T06:05:23","modified_gmt":"2023-09-19T06:05:23","slug":"downloads","status":"publish","type":"page","link":"https:\/\/chrisofix.com\/hu\/downloads\/","title":{"rendered":"DOWNLOADS"},"content":{"rendered":"<p>[et_pb_section fb_built=&#8221;1&#8243; _builder_version=&#8221;4.7.7&#8243; _module_preset=&#8221;default&#8221; min_height=&#8221;520px&#8221; global_colors_info=&#8221;{}&#8221;][et_pb_row column_structure=&#8221;1_4,1_4,1_4,1_4&#8243; _builder_version=&#8221;4.7.7&#8243; _module_preset=&#8221;default&#8221; global_colors_info=&#8221;{}&#8221;][et_pb_column type=&#8221;1_4&#8243; _builder_version=&#8221;4.7.7&#8243; _module_preset=&#8221;default&#8221; global_colors_info=&#8221;{}&#8221;][et_pb_text _builder_version=&#8221;4.14.7&#8243; _module_preset=&#8221;default&#8221; header_2_font_size=&#8221;34px&#8221; height=&#8221;80px&#8221; global_colors_info=&#8221;{}&#8221;]<\/p>\n<h2 style=\"text-align: center;\">Product<\/h2>\n<h2 style=\"text-align: center;\">catalog<\/h2>\n<p>[\/et_pb_text][et_pb_button button_url=&#8221;https:\/\/chrisofix.com\/wp-content\/uploads\/2023\/08\/CATALOGUE_A4_ENG_2023_06_15_web.pdf&#8221; url_new_window=&#8221;on&#8221; button_text=&#8221;DOWNLOAD ENGLISH PRODUCT CATALOG&#8221; button_alignment=&#8221;center&#8221; _builder_version=&#8221;4.14.7&#8243; _module_preset=&#8221;default&#8221; custom_button=&#8221;on&#8221; button_text_color=&#8221;#000000&#8243; global_colors_info=&#8221;{}&#8221;][\/et_pb_button][et_pb_button button_url=&#8221;https:\/\/chrisofix.com\/wp-content\/uploads\/2022\/06\/A4_GER_SHORT__2022_06_21.pdf&#8221; url_new_window=&#8221;on&#8221; button_text=&#8221;DOWNLOAD DEUTSCHER KATALOG&#8221; button_alignment=&#8221;center&#8221; _builder_version=&#8221;4.14.7&#8243; _module_preset=&#8221;default&#8221; custom_button=&#8221;on&#8221; button_text_color=&#8221;#000000&#8243; global_colors_info=&#8221;{}&#8221;][\/et_pb_button][et_pb_button button_url=&#8221;https:\/\/chrisofix.com\/wp-content\/uploads\/2022\/04\/A4_HUN_SHORT_TERMEK_MODOSITASOK_2022_04_27.pdf&#8221; url_new_window=&#8221;on&#8221; button_text=&#8221;MAGYAR KATAL\u00d3GUS LET\u00d6LT\u00c9S&#8221; button_alignment=&#8221;center&#8221; _builder_version=&#8221;4.14.7&#8243; _module_preset=&#8221;default&#8221; custom_button=&#8221;on&#8221; button_text_color=&#8221;#000000&#8243; global_colors_info=&#8221;{}&#8221;][\/et_pb_button][et_pb_button button_url=&#8221;https:\/\/chrisofix.com\/wp-content\/uploads\/2022\/05\/A4_ESP_SHORT_TERMEK_MODOSITASOK_2022_05_12-1.pdf&#8221; url_new_window=&#8221;on&#8221; button_text=&#8221;DESCARGAR EL CAT\u00c1LOGO EN ESPA\u00d1OL&#8221; button_alignment=&#8221;center&#8221; _builder_version=&#8221;4.14.7&#8243; _module_preset=&#8221;default&#8221; custom_button=&#8221;on&#8221; button_text_color=&#8221;#000000&#8243; global_colors_info=&#8221;{}&#8221;][\/et_pb_button][\/et_pb_column][et_pb_column type=&#8221;1_4&#8243; _builder_version=&#8221;4.7.7&#8243; _module_preset=&#8221;default&#8221; global_colors_info=&#8221;{}&#8221;][et_pb_text _builder_version=&#8221;4.14.7&#8243; _module_preset=&#8221;default&#8221; header_2_font_size=&#8221;34px&#8221; height=&#8221;80px&#8221; global_colors_info=&#8221;{}&#8221;]<\/p>\n<h2 style=\"text-align: center;\">High-runner product flyer<\/h2>\n<p>[\/et_pb_text][et_pb_button button_url=&#8221;https:\/\/chrisofix.com\/wp-content\/uploads\/2023\/09\/CHRISOIX_ENG_HIGH_RUNNER_2023.pdf&#8221; url_new_window=&#8221;on&#8221; button_text=&#8221;DOWNLOAD ENGLISH PRODUCT FLYER&#8221; button_alignment=&#8221;center&#8221; _builder_version=&#8221;4.14.7&#8243; _module_preset=&#8221;default&#8221; custom_button=&#8221;on&#8221; button_text_color=&#8221;#000000&#8243; hover_enabled=&#8221;0&#8243; global_colors_info=&#8221;{}&#8221; sticky_enabled=&#8221;0&#8243;][\/et_pb_button][et_pb_button button_url=&#8221;https:\/\/chrisofix.com\/wp-content\/uploads\/2022\/05\/GER_HIGHRUNNER_2022_05_05.pdf&#8221; url_new_window=&#8221;on&#8221; button_text=&#8221;DOWNLOAD DEUTSCHER  PRODUKT FLYER&#8221; button_alignment=&#8221;center&#8221; _builder_version=&#8221;4.14.7&#8243; _module_preset=&#8221;default&#8221; custom_button=&#8221;on&#8221; button_text_color=&#8221;#000000&#8243; global_colors_info=&#8221;{}&#8221;][\/et_pb_button][et_pb_button button_url=&#8221;https:\/\/chrisofix.com\/wp-content\/uploads\/2022\/05\/HUN_HIGHRUNNER_2022_04_27.pdf&#8221; url_new_window=&#8221;on&#8221; button_text=&#8221;MAGYAR TERM\u00c9K PROSPEKTUS LET\u00d6LT\u00c9S&#8221; button_alignment=&#8221;center&#8221; _builder_version=&#8221;4.14.7&#8243; _module_preset=&#8221;default&#8221; custom_button=&#8221;on&#8221; button_text_color=&#8221;#000000&#8243; global_colors_info=&#8221;{}&#8221;][\/et_pb_button][et_pb_button button_url=&#8221;https:\/\/chrisofix.com\/wp-content\/uploads\/2022\/05\/ESP_HIGH_RUNNER_2022_05_13.pdf&#8221; url_new_window=&#8221;on&#8221; button_text=&#8221;DESCARGA DE FOLLETOS DE PRODUCTOS EN ESPA\u00d1OL&#8221; button_alignment=&#8221;center&#8221; _builder_version=&#8221;4.14.7&#8243; _module_preset=&#8221;default&#8221; custom_button=&#8221;on&#8221; button_text_color=&#8221;#000000&#8243; global_colors_info=&#8221;{}&#8221;][\/et_pb_button][\/et_pb_column][et_pb_column type=&#8221;1_4&#8243; _builder_version=&#8221;4.7.7&#8243; _module_preset=&#8221;default&#8221; global_colors_info=&#8221;{}&#8221;][et_pb_text _builder_version=&#8221;4.14.7&#8243; _module_preset=&#8221;default&#8221; header_2_font_size=&#8221;34px&#8221; height=&#8221;80px&#8221; global_colors_info=&#8221;{}&#8221;]<\/p>\n<h2 style=\"text-align: center;\">Size identification data sheet<\/h2>\n<p>[\/et_pb_text][et_pb_button button_url=&#8221;https:\/\/chrisofix.com\/wp-content\/uploads\/2022\/05\/popular-product-size-identification-data-sheet_ENG.pdf&#8221; url_new_window=&#8221;on&#8221; button_text=&#8221;DOWLOAD ENGLISH SIZE IDENTIFIER&#8221; button_alignment=&#8221;center&#8221; _builder_version=&#8221;4.14.7&#8243; _module_preset=&#8221;default&#8221; custom_button=&#8221;on&#8221; button_text_color=&#8221;#000000&#8243; global_colors_info=&#8221;{}&#8221;][\/et_pb_button][et_pb_button button_url=&#8221;https:\/\/chrisofix.com\/wp-content\/uploads\/2022\/05\/DATENBLATT-ZUR-GROSSENBESTIMMUNG_GER-2.pdf&#8221; url_new_window=&#8221;on&#8221; button_text=&#8221;DOWLOAD DEUTSCHER SIZE IDENTIFIER&#8221; button_alignment=&#8221;center&#8221; _builder_version=&#8221;4.14.7&#8243; _module_preset=&#8221;default&#8221; custom_button=&#8221;on&#8221; button_text_color=&#8221;#000000&#8243; global_colors_info=&#8221;{}&#8221;][\/et_pb_button][et_pb_button button_url=&#8221;https:\/\/chrisofix.com\/wp-content\/uploads\/2022\/05\/Kiemelt-termek-meret-azonosito-adatlap-_HUN_small-1.pdf&#8221; url_new_window=&#8221;on&#8221; button_text=&#8221;MAGYAR M\u00c9RETAZONOS\u00cdT\u00d3 LET\u00d6LT\u00c9S&#8221; button_alignment=&#8221;center&#8221; _builder_version=&#8221;4.14.7&#8243; _module_preset=&#8221;default&#8221; custom_button=&#8221;on&#8221; button_text_color=&#8221;#000000&#8243; global_colors_info=&#8221;{}&#8221;][\/et_pb_button][et_pb_button button_url=&#8221;https:\/\/chrisofix.com\/wp-content\/uploads\/2022\/05\/HOJA-DE-DATOS-DE-DIMENSIONAMIENTO.pdf&#8221; url_new_window=&#8221;on&#8221; button_text=&#8221;DESCARGAR EL IDENTIFICADOR EN ESPA\u00d1OL&#8221; button_alignment=&#8221;center&#8221; _builder_version=&#8221;4.14.7&#8243; _module_preset=&#8221;default&#8221; custom_button=&#8221;on&#8221; button_text_color=&#8221;#000000&#8243; global_colors_info=&#8221;{}&#8221;][\/et_pb_button][\/et_pb_column][et_pb_column type=&#8221;1_4&#8243; _builder_version=&#8221;4.7.7&#8243; _module_preset=&#8221;default&#8221; global_colors_info=&#8221;{}&#8221;][et_pb_text _builder_version=&#8221;4.14.7&#8243; _module_preset=&#8221;default&#8221; header_2_font_size=&#8221;34px&#8221; height=&#8221;80px&#8221; global_colors_info=&#8221;{}&#8221;]<\/p>\n<h2 style=\"text-align: center;\">Product features presentation<\/h2>\n<p>[\/et_pb_text][et_pb_button button_url=&#8221;https:\/\/chrisofix.com\/wp-content\/uploads\/2022\/11\/CHRISOFIX_Product-features_PREZ.pdf&#8221; url_new_window=&#8221;on&#8221; button_text=&#8221;DOWNLOAD ENGLISH &#8221; button_alignment=&#8221;center&#8221; _builder_version=&#8221;4.14.7&#8243; _module_preset=&#8221;default&#8221; custom_button=&#8221;on&#8221; button_text_color=&#8221;#000000&#8243; global_colors_info=&#8221;{}&#8221;][\/et_pb_button][\/et_pb_column][\/et_pb_row][\/et_pb_section]<\/p>\n","protected":false},"excerpt":{"rendered":"<p>Product catalogHigh-runner product flyerSize identification data sheetProduct features presentation<\/p>","protected":false},"author":1,"featured_media":0,"parent":0,"menu_order":0,"comment_status":"closed","ping_status":"closed","template":"","meta":{"_et_pb_use_builder":"on","_et_pb_old_content":"<!-- wp:divi\/placeholder \/-->","_et_gb_content_width":"","footnotes":""},"class_list":["post-5854","page","type-page","status-publish","hentry"],"yoast_head":"<!-- This site is optimized with the Yoast SEO Premium plugin v23.8 (Yoast SEO v27.3) - https:\/\/yoast.com\/product\/yoast-seo-premium-wordpress\/ -->\n<title>DOWNLOADS - Chrisofix<\/title>\n<meta name=\"robots\" content=\"index, follow, max-snippet:-1, max-image-preview:large, max-video-preview:-1\" \/>\n<link rel=\"canonical\" href=\"https:\/\/chrisofix.com\/hu\/downloads\/\" \/>\n<meta property=\"og:locale\" content=\"hu_HU\" \/>\n<meta property=\"og:type\" content=\"article\" \/>\n<meta property=\"og:title\" content=\"DOWNLOADS\" \/>\n<meta property=\"og:description\" content=\"Product catalogHigh-runner product flyerSize identification data sheetProduct features presentation\" \/>\n<meta property=\"og:url\" content=\"https:\/\/chrisofix.com\/hu\/downloads\/\" \/>\n<meta property=\"og:site_name\" content=\"Chrisofix\" \/>\n<meta property=\"article:publisher\" content=\"https:\/\/www.facebook.com\/chrisofix.ag\" \/>\n<meta property=\"article:modified_time\" content=\"2023-09-19T06:05:23+00:00\" \/>\n<meta name=\"twitter:card\" content=\"summary_large_image\" \/>\n<script type=\"application\/ld+json\" class=\"yoast-schema-graph\">{\"@context\":\"https:\\\/\\\/schema.org\",\"@graph\":[{\"@type\":\"WebPage\",\"@id\":\"https:\\\/\\\/chrisofix.com\\\/downloads\\\/\",\"url\":\"https:\\\/\\\/chrisofix.com\\\/downloads\\\/\",\"name\":\"DOWNLOADS - Chrisofix\",\"isPartOf\":{\"@id\":\"https:\\\/\\\/chrisofix.com\\\/#website\"},\"datePublished\":\"2021-10-27T12:47:04+00:00\",\"dateModified\":\"2023-09-19T06:05:23+00:00\",\"breadcrumb\":{\"@id\":\"https:\\\/\\\/chrisofix.com\\\/downloads\\\/#breadcrumb\"},\"inLanguage\":\"hu\",\"potentialAction\":[{\"@type\":\"ReadAction\",\"target\":[\"https:\\\/\\\/chrisofix.com\\\/downloads\\\/\"]}]},{\"@type\":\"BreadcrumbList\",\"@id\":\"https:\\\/\\\/chrisofix.com\\\/downloads\\\/#breadcrumb\",\"itemListElement\":[{\"@type\":\"ListItem\",\"position\":1,\"name\":\"Home\",\"item\":\"https:\\\/\\\/chrisofix.com\\\/\"},{\"@type\":\"ListItem\",\"position\":2,\"name\":\"DOWNLOADS\"}]},{\"@type\":\"WebSite\",\"@id\":\"https:\\\/\\\/chrisofix.com\\\/#website\",\"url\":\"https:\\\/\\\/chrisofix.com\\\/\",\"name\":\"Chrisofix\",\"description\":\"Chrisofix- World-Class Ortheses\",\"publisher\":{\"@id\":\"https:\\\/\\\/chrisofix.com\\\/#organization\"},\"potentialAction\":[{\"@type\":\"SearchAction\",\"target\":{\"@type\":\"EntryPoint\",\"urlTemplate\":\"https:\\\/\\\/chrisofix.com\\\/?s={search_term_string}\"},\"query-input\":{\"@type\":\"PropertyValueSpecification\",\"valueRequired\":true,\"valueName\":\"search_term_string\"}}],\"inLanguage\":\"hu\"},{\"@type\":\"Organization\",\"@id\":\"https:\\\/\\\/chrisofix.com\\\/#organization\",\"name\":\"CHRISOFIX\u00ae AG\",\"url\":\"https:\\\/\\\/chrisofix.com\\\/\",\"logo\":{\"@type\":\"ImageObject\",\"inLanguage\":\"hu\",\"@id\":\"https:\\\/\\\/chrisofix.com\\\/#\\\/schema\\\/logo\\\/image\\\/\",\"url\":\"http:\\\/\\\/chrisofix.com\\\/wp-content\\\/uploads\\\/2021\\\/02\\\/CHrisofix_logo2_up.png\",\"contentUrl\":\"http:\\\/\\\/chrisofix.com\\\/wp-content\\\/uploads\\\/2021\\\/02\\\/CHrisofix_logo2_up.png\",\"width\":547,\"height\":315,\"caption\":\"CHRISOFIX\u00ae AG\"},\"image\":{\"@id\":\"https:\\\/\\\/chrisofix.com\\\/#\\\/schema\\\/logo\\\/image\\\/\"},\"sameAs\":[\"https:\\\/\\\/www.facebook.com\\\/chrisofix.ag\",\"https:\\\/\\\/www.linkedin.com\\\/company\\\/12695475\",\"https:\\\/\\\/www.youtube.com\\\/channel\\\/UCLYVPznZxm8AxmQoWTWAHoQ\\\/about\"]}]}<\/script>\n<!-- \/ Yoast SEO Premium plugin. -->","yoast_head_json":{"title":"DOWNLOADS - Chrisofix","robots":{"index":"index","follow":"follow","max-snippet":"max-snippet:-1","max-image-preview":"max-image-preview:large","max-video-preview":"max-video-preview:-1"},"canonical":"https:\/\/chrisofix.com\/hu\/downloads\/","og_locale":"hu_HU","og_type":"article","og_title":"DOWNLOADS","og_description":"Product catalogHigh-runner product flyerSize identification data sheetProduct features presentation","og_url":"https:\/\/chrisofix.com\/hu\/downloads\/","og_site_name":"Chrisofix","article_publisher":"https:\/\/www.facebook.com\/chrisofix.ag","article_modified_time":"2023-09-19T06:05:23+00:00","twitter_card":"summary_large_image","schema":{"@context":"https:\/\/schema.org","@graph":[{"@type":"WebPage","@id":"https:\/\/chrisofix.com\/downloads\/","url":"https:\/\/chrisofix.com\/downloads\/","name":"DOWNLOADS - Chrisofix","isPartOf":{"@id":"https:\/\/chrisofix.com\/#website"},"datePublished":"2021-10-27T12:47:04+00:00","dateModified":"2023-09-19T06:05:23+00:00","breadcrumb":{"@id":"https:\/\/chrisofix.com\/downloads\/#breadcrumb"},"inLanguage":"hu","potentialAction":[{"@type":"ReadAction","target":["https:\/\/chrisofix.com\/downloads\/"]}]},{"@type":"BreadcrumbList","@id":"https:\/\/chrisofix.com\/downloads\/#breadcrumb","itemListElement":[{"@type":"ListItem","position":1,"name":"Home","item":"https:\/\/chrisofix.com\/"},{"@type":"ListItem","position":2,"name":"DOWNLOADS"}]},{"@type":"WebSite","@id":"https:\/\/chrisofix.com\/#website","url":"https:\/\/chrisofix.com\/","name":"Chrisofix","description":"Chrisofix- World-Class Ortheses","publisher":{"@id":"https:\/\/chrisofix.com\/#organization"},"potentialAction":[{"@type":"SearchAction","target":{"@type":"EntryPoint","urlTemplate":"https:\/\/chrisofix.com\/?s={search_term_string}"},"query-input":{"@type":"PropertyValueSpecification","valueRequired":true,"valueName":"search_term_string"}}],"inLanguage":"hu"},{"@type":"Organization","@id":"https:\/\/chrisofix.com\/#organization","name":"CHRISOFIX\u00ae AG","url":"https:\/\/chrisofix.com\/","logo":{"@type":"ImageObject","inLanguage":"hu","@id":"https:\/\/chrisofix.com\/#\/schema\/logo\/image\/","url":"http:\/\/chrisofix.com\/wp-content\/uploads\/2021\/02\/CHrisofix_logo2_up.png","contentUrl":"http:\/\/chrisofix.com\/wp-content\/uploads\/2021\/02\/CHrisofix_logo2_up.png","width":547,"height":315,"caption":"CHRISOFIX\u00ae AG"},"image":{"@id":"https:\/\/chrisofix.com\/#\/schema\/logo\/image\/"},"sameAs":["https:\/\/www.facebook.com\/chrisofix.ag","https:\/\/www.linkedin.com\/company\/12695475","https:\/\/www.youtube.com\/channel\/UCLYVPznZxm8AxmQoWTWAHoQ\/about"]}]}},"_links":{"self":[{"href":"https:\/\/chrisofix.com\/hu\/wp-json\/wp\/v2\/pages\/5854","targetHints":{"allow":["GET"]}}],"collection":[{"href":"https:\/\/chrisofix.com\/hu\/wp-json\/wp\/v2\/pages"}],"about":[{"href":"https:\/\/chrisofix.com\/hu\/wp-json\/wp\/v2\/types\/page"}],"author":[{"embeddable":true,"href":"https:\/\/chrisofix.com\/hu\/wp-json\/wp\/v2\/users\/1"}],"replies":[{"embeddable":true,"href":"https:\/\/chrisofix.com\/hu\/wp-json\/wp\/v2\/comments?post=5854"}],"version-history":[{"count":0,"href":"https:\/\/chrisofix.com\/hu\/wp-json\/wp\/v2\/pages\/5854\/revisions"}],"wp:attachment":[{"href":"https:\/\/chrisofix.com\/hu\/wp-json\/wp\/v2\/media?parent=5854"}],"curies":[{"name":"wp","href":"https:\/\/api.w.org\/{rel}","templated":true}]}}